{"id":2495,"date":"2017-06-20T02:40:42","date_gmt":"2017-06-20T02:40:42","guid":{"rendered":"http:\/\/themesgavias.com\/wp\/winnex\/?page_id=2495"},"modified":"2020-12-17T18:36:41","modified_gmt":"2020-12-17T18:36:41","slug":"service-2","status":"publish","type":"page","link":"https:\/\/3kteflonkaplama.com\/?page_id=2495","title":{"rendered":"Hizmet Alanlar\u0131m\u0131z"},"content":{"rendered":"<p>[vc_row css=&#8221;.vc_custom_1532319356025{background-color: #f5f5f5 !important;}&#8221;][vc_column][vc_row_inner][vc_column_inner][gva_block_heading title=&#8221;Hizmet Alanlar\u0131m\u0131z&#8221; desc=&#8221;Ba\u015fl\u0131ca Hizmet Sa\u011flad\u0131\u011f\u0131m\u0131z Sekt\u00f6rler&#8221;][\/vc_column_inner][\/vc_row_inner][vc_row_inner][vc_column_inner width=&#8221;1\/3&#8243;][gva_service_box items=&#8221;%5B%7B%7D%5D&#8221; title=&#8221;Otomotiv End\u00fcstrisi&#8221; icon=&#8221;gv-icon-1022&#8243; link=&#8221;#&#8221;][vc_separator][gva_service_box items=&#8221;%5B%7B%7D%5D&#8221; title=&#8221;Tutkal ve Yap\u0131\u015ft\u0131rma End\u00fcstrisi &#8221; icon=&#8221;gv-icon-1022&#8243; link=&#8221;#&#8221;][\/vc_column_inner][vc_column_inner width=&#8221;1\/3&#8243;][gva_service_box title=&#8221;Makine ve Kal\u0131p Sanayi &#8221; icon=&#8221;gv-icon-1090&#8243; link=&#8221;#&#8221;][vc_separator][gva_service_box items=&#8221;%5B%7B%7D%5D&#8221; title=&#8221;Medikal End\u00fcstri &#8221; icon=&#8221;gv-icon-1090&#8243; link=&#8221;#&#8221;][\/vc_column_inner][vc_column_inner width=&#8221;1\/3&#8243;][gva_service_box items=&#8221;%5B%7B%7D%5D&#8221; title=&#8221;Savunma ve Silah Sanayi&#8221; icon=&#8221;gv-icon-1033&#8243; link=&#8221;#&#8221;][vc_separator][gva_service_box items=&#8221;%5B%7B%7D%5D&#8221; title=&#8221;Tekstil Sanayi&#8221; icon=&#8221;gv-icon-1033&#8243; link=&#8221;#&#8221;][\/vc_column_inner][\/vc_row_inner][vc_row_inner][vc_column_inner width=&#8221;1\/3&#8243;][gva_service_box items=&#8221;%5B%7B%7D%2C%7B%7D%5D&#8221; title=&#8221;Deniz Yat ve Gemi Sanayi&#8221; icon=&#8221;gv-icon-1151&#8243; link=&#8221;#&#8221;][vc_separator][gva_service_box items=&#8221;%5B%7B%7D%2C%7B%7D%5D&#8221; title=&#8221;Havac\u0131l\u0131k End\u00fcstrisi&#8221; icon=&#8221;gv-icon-1151&#8243; link=&#8221;#&#8221;][\/vc_column_inner][vc_column_inner width=&#8221;1\/3&#8243;][gva_service_box items=&#8221;%5B%7B%7D%2C%7B%7D%5D&#8221; title=&#8221;S\u00fct ve S\u00fct \u00dcr\u00fcnleri End\u00fcstrisi&#8221; icon=&#8221;gv-icon-1061&#8243; link=&#8221;#&#8221;][vc_separator][gva_service_box items=&#8221;%5B%7B%7D%2C%7B%7D%5D&#8221; title=&#8221;Lastik ve Kau\u00e7uk End\u00fcstrisi &#8221; icon=&#8221;gv-icon-1061&#8243; link=&#8221;#&#8221;][\/vc_column_inner][vc_column_inner width=&#8221;1\/3&#8243;][gva_service_box items=&#8221;%5B%7B%7D%2C%7B%7D%5D&#8221; title=&#8221;Et ve Et \u00dcr\u00fcnleri End\u00fcstrisi &#8221; icon=&#8221;gv-icon-942&#8243; link=&#8221;#&#8221;][vc_separator][gva_service_box items=&#8221;%5B%7B%7D%2C%7B%7D%5D&#8221; title=&#8221;Kimya End\u00fcstrisi &#8221; icon=&#8221;gv-icon-942&#8243; link=&#8221;#&#8221;][\/vc_column_inner][\/vc_row_inner][\/vc_column][\/vc_row][vc_row row_space=&#8221;padding-medium&#8221; custom_background=&#8221;bg-center&#8221; css=&#8221;.vc_custom_1539591668983{background-image: url(http:\/\/themesgavias.com\/wp\/winnex\/wp-contenthttps:\/\/3kteflonkaplama.com\/wp-content\/uploads\/2018\/07\/map.png?id=2956) !important;}&#8221;][vc_column][gva_brands items_lg=&#8221;5&#8243; items_md=&#8221;4&#8243; items_sm=&#8221;3&#8243; items_xs=&#8221;2&#8243; ca_navigation=&#8221;0&#8243; ca_pagination=&#8221;0&#8243;][\/vc_column][\/vc_row]<\/p>\n","protected":false},"excerpt":{"rendered":"<p>[vc_row css=&#8221;.vc_custom_1532319356025{background-color: #f5f5f5 !important;}&#8221;][vc_column][vc_row_inner][vc_column_inner][gva_block_heading title=&#8221;Hizmet Alanlar\u0131m\u0131z&#8221; desc=&#8221;Ba\u015fl\u0131ca Hizmet Sa\u011flad\u0131\u011f\u0131m\u0131z Sekt\u00f6rler&#8221;][\/vc_column_inner][\/vc_row_inner][vc_row_inner][vc_column_inner width=&#8221;1\/3&#8243;][gva_service_box items=&#8221;%5B%7B%7D%5D&#8221; title=&#8221;Otomotiv End\u00fcstrisi&#8221; icon=&#8221;gv-icon-1022&#8243; link=&#8221;#&#8221;][vc_separator][gva_service_box items=&#8221;%5B%7B%7D%5D&#8221; title=&#8221;Tutkal ve Yap\u0131\u015ft\u0131rma End\u00fcstrisi &#8221; icon=&#8221;gv-icon-1022&#8243; link=&#8221;#&#8221;][\/vc_column_inner][vc_column_inner width=&#8221;1\/3&#8243;][gva_service_box title=&#8221;Makine ve Kal\u0131p Sanayi &#8221; icon=&#8221;gv-icon-1090&#8243; link=&#8221;#&#8221;][vc_separator][gva_service_box items=&#8221;%5B%7B%7D%5D&#8221; title=&#8221;Medikal End\u00fcstri &#8221; icon=&#8221;gv-icon-1090&#8243; link=&#8221;#&#8221;][\/vc_column_inner][vc_column_inner width=&#8221;1\/3&#8243;][gva_service_box items=&#8221;%5B%7B%7D%5D&#8221; title=&#8221;Savunma ve Silah Sanayi&#8221; icon=&#8221;gv-icon-1033&#8243; link=&#8221;#&#8221;][vc_separator][gva_service_box items=&#8221;%5B%7B%7D%5D&#8221; title=&#8221;Tekstil Sanayi&#8221; icon=&#8221;gv-icon-1033&#8243; link=&#8221;#&#8221;][\/vc_column_inner][\/vc_row_inner][vc_row_inner][vc_column_inner width=&#8221;1\/3&#8243;][gva_service_box items=&#8221;%5B%7B%7D%2C%7B%7D%5D&#8221; title=&#8221;Deniz Yat [&hellip;]<\/p>\n","protected":false},"author":1,"featured_media":0,"parent":0,"menu_order":0,"comment_status":"closed","ping_status":"closed","template":"","meta":{"footnotes":""},"_links":{"self":[{"href":"https:\/\/3kteflonkaplama.com\/index.php?rest_route=\/wp\/v2\/pages\/2495"}],"collection":[{"href":"https:\/\/3kteflonkaplama.com\/index.php?rest_route=\/wp\/v2\/pages"}],"about":[{"href":"https:\/\/3kteflonkaplama.com\/index.php?rest_route=\/wp\/v2\/types\/page"}],"author":[{"embeddable":true,"href":"https:\/\/3kteflonkaplama.com\/index.php?rest_route=\/wp\/v2\/users\/1"}],"replies":[{"embeddable":true,"href":"https:\/\/3kteflonkaplama.com\/index.php?rest_route=%2Fwp%2Fv2%2Fcomments&post=2495"}],"version-history":[{"count":3,"href":"https:\/\/3kteflonkaplama.com\/index.php?rest_route=\/wp\/v2\/pages\/2495\/revisions"}],"predecessor-version":[{"id":3784,"href":"https:\/\/3kteflonkaplama.com\/index.php?rest_route=\/wp\/v2\/pages\/2495\/revisions\/3784"}],"wp:attachment":[{"href":"https:\/\/3kteflonkaplama.com\/index.php?rest_route=%2Fwp%2Fv2%2Fmedia&parent=2495"}],"curies":[{"name":"wp","href":"https:\/\/api.w.org\/{rel}","templated":true}]}}