{"id":36,"date":"2015-12-10T16:31:37","date_gmt":"2015-12-10T16:31:37","guid":{"rendered":"http:\/\/themesgavias.com\/wp\/winnex\/?page_id=36"},"modified":"2020-12-27T18:55:03","modified_gmt":"2020-12-27T18:55:03","slug":"home-2","status":"publish","type":"page","link":"https:\/\/3kteflonkaplama.com\/","title":{"rendered":"Anasayfa"},"content":{"rendered":"<p>[vc_row fullwidth=&#8221;0&#8243; row_space=&#8221;remove_padding&#8221; isfullwidth=&#8221;0&#8243;][vc_column]\n\t\t\t<!-- START slider 1 REVOLUTION SLIDER 6.2.20 --><p class=\"rs-p-wp-fix\"><\/p>\n\t\t\t<rs-module-wrap id=\"rev_slider_1_1_wrapper\" data-source=\"gallery\" style=\"background:transparent;padding:0;margin:0px auto;margin-top:0;margin-bottom:0;max-width:;\">\n\t\t\t\t<rs-module id=\"rev_slider_1_1\" style=\"\" data-version=\"6.2.20\">\n\t\t\t\t\t<rs-slides>\n\t\t\t\t\t\t<rs-slide data-key=\"rs-3\" data-title=\"Slide\" data-anim=\"ei:d;eo:d;s:600;r:0;t:fade;sl:d;\">\n\t\t\t\t\t\t\t<img loading=\"lazy\" decoding=\"async\" src=\"\/\/3kteflonkaplama.com\/wp-content\/uploads\/2020\/12\/1.jpg\" title=\"1\" width=\"1340\" height=\"560\" data-panzoom=\"d:10000;ss:100;se:109;\" class=\"rev-slidebg\" data-no-retina>\n<!--\n\t\t\t\t\t\t\t--><rs-layer\n\t\t\t\t\t\t\t\tid=\"slider-1-slide-3-layer-3\" \n\t\t\t\t\t\t\t\tdata-type=\"text\"\n\t\t\t\t\t\t\t\tdata-color=\"#8cad82||#8cad82||#222b2c||#222b2c\"\n\t\t\t\t\t\t\t\tdata-rsp_ch=\"on\"\n\t\t\t\t\t\t\t\tdata-xy=\"xo:606px,606px,10px,10px;yo:147px,147px,132px,97px;\"\n\t\t\t\t\t\t\t\tdata-text=\"s:65,65,40,32;l:70,70,46,40;ls:0px,0px,0px,0;fw:500;\"\n\t\t\t\t\t\t\t\tdata-frame_0=\"y:50px;\"\n\t\t\t\t\t\t\t\tdata-frame_1=\"e:power2.inOut;st:260;sp:380;sR:260;\"\n\t\t\t\t\t\t\t\tdata-frame_999=\"y:-50px;o:0;e:nothing;st:w;sR:8360;\"\n\t\t\t\t\t\t\t\tstyle=\"z-index:5;font-family:Heebo;\"\n\t\t\t\t\t\t\t>(0 532) 450 66 20 \n\t\t\t\t\t\t\t<\/rs-layer><!--\n-->\t\t\t\t\t\t<\/rs-slide>\n\t\t\t\t\t<\/rs-slides>\n\t\t\t\t<\/rs-module>\n\t\t\t\t<script type=\"text\/javascript\">\n\t\t\t\t\tsetREVStartSize({c: 'rev_slider_1_1',rl:[1240,1240,778,480],el:[700,700,500,400],gw:[1170,1170,778,480],gh:[700,700,500,400],type:'standard',justify:'',layout:'fullwidth',mh:\"0\"});\n\t\t\t\t\tvar\trevapi1,\n\t\t\t\t\t\ttpj;\n\t\t\t\t\tfunction revinit_1() {\n\t\t\t\t\tjQuery(function() {\n\t\t\t\t\t\ttpj = jQuery;\n\t\t\t\t\t\trevapi1 = tpj(\"#rev_slider_1_1\");\n\t\t\t\t\t\tif(revapi1==undefined || revapi1.revolution == undefined){\n\t\t\t\t\t\t\trevslider_showDoubleJqueryError(\"rev_slider_1_1\");\n\t\t\t\t\t\t}else{\n\t\t\t\t\t\t\trevapi1.revolution({\n\t\t\t\t\t\t\t\tvisibilityLevels:\"1240,1240,778,480\",\n\t\t\t\t\t\t\t\tgridwidth:\"1170,1170,778,480\",\n\t\t\t\t\t\t\t\tgridheight:\"700,700,500,400\",\n\t\t\t\t\t\t\t\tspinner:\"spinner0\",\n\t\t\t\t\t\t\t\tperspective:600,\n\t\t\t\t\t\t\t\tperspectiveType:\"local\",\n\t\t\t\t\t\t\t\teditorheight:\"700,768,500,400\",\n\t\t\t\t\t\t\t\tresponsiveLevels:\"1240,1240,778,480\",\n\t\t\t\t\t\t\t\tprogressBar:{disableProgressBar:true},\n\t\t\t\t\t\t\t\tfallbacks: {\n\t\t\t\t\t\t\t\t\tallowHTML5AutoPlayOnAndroid:true\n\t\t\t\t\t\t\t\t},\n\t\t\t\t\t\t\t});\n\t\t\t\t\t\t}\n\t\t\t\t\t\t\n\t\t\t\t\t});\n\t\t\t\t\t} \/\/ End of RevInitScript\n\t\t\t\tif (document.readyState === \"loading\") window.addEventListener('DOMContentLoaded',function() {\trevinit_1();}); else revinit_1();\n\t\t\t\t<\/script>\n\t\t\t<\/rs-module-wrap>\n\t\t\t<!-- END REVOLUTION SLIDER -->\n[\/vc_column][\/vc_row][vc_row css=&#8221;.vc_custom_1539057673553{background-image: url(http:\/\/themesgavias.com\/wp\/winnex\/wp-contenthttps:\/\/3kteflonkaplama.com\/wp-content\/uploads\/2018\/10\/bg-1.jpg?id=3505) !important;}&#8221;][vc_column][gva_block_heading title=&#8221;Uygulamalar\u0131m\u0131z&#8221; desc=&#8221;Yapt\u0131\u011f\u0131m\u0131z Uygulamalardan Baz\u0131 \u00d6rnekler&#8221;][gva_portfolio_carousel per_page=&#8221;5&#8243; remove_padding=&#8221;&#8221; items_lg=&#8221;3&#8243; items_md=&#8221;3&#8243; items_sm=&#8221;2&#8243; items_xs=&#8221;2&#8243;][vc_column_text el_class=&#8221;text-center margin-bottom-0&#8243; css=&#8221;.vc_custom_1609094305969{margin-top: 70px !important;}&#8221;]<\/p>\n<div class=\"clearfix text-medium text-black margin-top-30\">\n<p>Sizinde Yapt\u0131rmak \u0130stedi\u011finiz Uygulamalar Varsa Bizimle \u0130rtibata Ge\u00e7in<\/p>\n<p><a class=\"btn-theme\" href=\"https:\/\/3kteflonkaplama.com\/?page_id=610\">Bize Ula\u015f\u0131n<\/a><\/p>\n<\/div>\n<p>[\/vc_column_text][\/vc_column][\/vc_row][vc_row][vc_column][gva_block_heading title=&#8221;25 Y\u0131ll\u0131k Tecr\u00fcbe&#8221;][\/vc_column][\/vc_row][vc_row row_space=&#8221;remove_padding_top&#8221;][vc_column][vc_row_inner][vc_column_inner][gva_block_heading title=&#8221;\u00dcr\u00fcnlerinizi g\u00fcvenerek garantili olarak sa\u011fl\u0131kl\u0131 \u015fekilde kapl\u0131yoruz.&#8221; style=&#8221;style-3&#8243;][\/vc_column_inner][\/vc_row_inner][vc_row_inner css=&#8221;.vc_custom_1539141626394{padding-top: 30px !important;}&#8221;][vc_column_inner width=&#8221;1\/3&#8243;][gva_counter title=&#8221;25 Y\u0131ll\u0131k Tecr\u00fcbe&#8221; number=&#8221;10&#8243; icon_position=&#8221;number-top&#8221; symbol=&#8221;+&#8221;][\/vc_column_inner][vc_column_inner width=&#8221;1\/3&#8243;][gva_counter title=&#8221;Mutlu M\u00fc\u015fteri&#8221; number=&#8221;7458&#8243; icon_position=&#8221;number-top&#8221;][\/vc_column_inner][vc_column_inner width=&#8221;1\/3&#8243;][gva_counter title=&#8221;Memmuniyet&#8221; icon_position=&#8221;number-top&#8221; symbol=&#8221;%&#8221;][\/vc_column_inner][\/vc_row_inner][\/vc_column][\/vc_row]<\/p>\n","protected":false},"excerpt":{"rendered":"<p>[vc_row fullwidth=&#8221;0&#8243; row_space=&#8221;remove_padding&#8221; isfullwidth=&#8221;0&#8243;][vc_column][\/vc_column][\/vc_row][vc_row css=&#8221;.vc_custom_1539057673553{background-image: url(http:\/\/themesgavias.com\/wp\/winnex\/wp-contenthttps:\/\/3kteflonkaplama.com\/wp-content\/uploads\/2018\/10\/bg-1.jpg?id=3505) !important;}&#8221;][vc_column][gva_block_heading title=&#8221;Uygulamalar\u0131m\u0131z&#8221; desc=&#8221;Yapt\u0131\u011f\u0131m\u0131z Uygulamalardan Baz\u0131 \u00d6rnekler&#8221;][gva_portfolio_carousel per_page=&#8221;5&#8243; remove_padding=&#8221;&#8221; items_lg=&#8221;3&#8243; items_md=&#8221;3&#8243; items_sm=&#8221;2&#8243; items_xs=&#8221;2&#8243;][vc_column_text el_class=&#8221;text-center margin-bottom-0&#8243; css=&#8221;.vc_custom_1609094305969{margin-top: 70px !important;}&#8221;] Sizinde Yapt\u0131rmak \u0130stedi\u011finiz Uygulamalar Varsa Bizimle \u0130rtibata Ge\u00e7in Bize Ula\u015f\u0131n [\/vc_column_text][\/vc_column][\/vc_row][vc_row][vc_column][gva_block_heading title=&#8221;25 Y\u0131ll\u0131k Tecr\u00fcbe&#8221;][\/vc_column][\/vc_row][vc_row row_space=&#8221;remove_padding_top&#8221;][vc_column][vc_row_inner][vc_column_inner][gva_block_heading title=&#8221;\u00dcr\u00fcnlerinizi g\u00fcvenerek garantili olarak sa\u011fl\u0131kl\u0131 \u015fekilde kapl\u0131yoruz.&#8221; style=&#8221;style-3&#8243;][\/vc_column_inner][\/vc_row_inner][vc_row_inner css=&#8221;.vc_custom_1539141626394{padding-top: 30px !important;}&#8221;][vc_column_inner width=&#8221;1\/3&#8243;][gva_counter title=&#8221;25 Y\u0131ll\u0131k Tecr\u00fcbe&#8221; number=&#8221;10&#8243; icon_position=&#8221;number-top&#8221; [&hellip;]<\/p>\n","protected":false},"author":1,"featured_media":0,"parent":0,"menu_order":0,"comment_status":"closed","ping_status":"closed","template":"","meta":{"footnotes":""},"_links":{"self":[{"href":"https:\/\/3kteflonkaplama.com\/index.php?rest_route=\/wp\/v2\/pages\/36"}],"collection":[{"href":"https:\/\/3kteflonkaplama.com\/index.php?rest_route=\/wp\/v2\/pages"}],"about":[{"href":"https:\/\/3kteflonkaplama.com\/index.php?rest_route=\/wp\/v2\/types\/page"}],"author":[{"embeddable":true,"href":"https:\/\/3kteflonkaplama.com\/index.php?rest_route=\/wp\/v2\/users\/1"}],"replies":[{"embeddable":true,"href":"https:\/\/3kteflonkaplama.com\/index.php?rest_route=%2Fwp%2Fv2%2Fcomments&post=36"}],"version-history":[{"count":3,"href":"https:\/\/3kteflonkaplama.com\/index.php?rest_route=\/wp\/v2\/pages\/36\/revisions"}],"predecessor-version":[{"id":3787,"href":"https:\/\/3kteflonkaplama.com\/index.php?rest_route=\/wp\/v2\/pages\/36\/revisions\/3787"}],"wp:attachment":[{"href":"https:\/\/3kteflonkaplama.com\/index.php?rest_route=%2Fwp%2Fv2%2Fmedia&parent=36"}],"curies":[{"name":"wp","href":"https:\/\/api.w.org\/{rel}","templated":true}]}}