{"id":612,"date":"2016-03-07T03:11:04","date_gmt":"2016-03-07T03:11:04","guid":{"rendered":"http:\/\/themesgavias.com\/wp\/winnex\/?page_id=612"},"modified":"2024-05-24T03:23:51","modified_gmt":"2024-05-24T03:23:51","slug":"about-page","status":"publish","type":"page","link":"https:\/\/3kteflonkaplama.com\/?page_id=612","title":{"rendered":"Hakk\u0131m\u0131zda"},"content":{"rendered":"<p>[vc_row row_space=&#8221;remove_padding&#8221; isfullwidth=&#8221;&#8221; css=&#8221;.vc_custom_1539588804561{padding-bottom: 20px !important;}&#8221;][vc_column][gva_block_heading title=&#8221;3K Teflon Kaplama&#8221; style=&#8221;style-2&#8243; align=&#8221;align-left&#8221;][vc_column_text]<\/p>\n<div class=\"wpb_column vc_column_container vc_col-sm-7\">\n<div class=\"vc_column-inner \">\n<div class=\"wpb_wrapper\">\n<div class=\"title-section style2\">\n<h1 class=\"title\">Hakk\u0131m\u0131zda<\/h1>\n<\/div>\n<div class=\"wpb_text_column wpb_content_element \">\n<div class=\"wpb_wrapper\">\n<p><strong>3K Teflon Kaplama<\/strong>; yanmaz, yap\u0131\u015fmaz, anti korozif ve kuru ya\u011flama \u00f6zelli\u011fine sahip kaplamalar konusundaki 10 y\u0131l\u0131 a\u015fk\u0131n tecr\u00fcbesiyle \u015firketle\u015fme yoluna gitmi\u015f, 2017 y\u0131l\u0131nda <strong>3K Teflon Kaplama<\/strong> ad\u0131yla faaliyetlerine ba\u015flam\u0131\u015ft\u0131r.<\/p>\n<p>\u015eirketimiz P.F.A. , F.E.P. , P.T.F.E. ve E.C.T.F.E. kaplamalar konusunda faaliyet vermektedir.<\/p>\n<p>\u0130stanbul, Sancaktepe kurulu olan tesislerimiz \u00fclkemiz her her k\u00f6\u015fesine t\u00fcm faaliyet alanlar\u0131m\u0131zda hizmet veremeye devam etmektedir.<\/p>\n<p><strong>3K Teflon Kaplama<\/strong> \u00c7evreye verdi\u011fi de\u011ferin ve \u00e7evre mevzuatlar\u0131n\u0131 ciddiyetle takip etmesinin bir sonucu olarak, \u00fcretim faaliyetlerinde ekolojik dengeyi korumay\u0131 ve bunu bir \u015firket k\u00fclt\u00fcr\u00fc haline getirmeyi taahh\u00fct etmektedir.<\/p>\n<\/div>\n<\/div>\n<\/div>\n<\/div>\n<\/div>\n<p>[\/vc_column_text][\/vc_column][\/vc_row][vc_row row_space=&#8221;remove_padding_top&#8221;][vc_column width=&#8221;1\/2&#8243;][\/vc_column][\/vc_row]<\/p>\n","protected":false},"excerpt":{"rendered":"<p>[vc_row row_space=&#8221;remove_padding&#8221; isfullwidth=&#8221;&#8221; css=&#8221;.vc_custom_1539588804561{padding-bottom: 20px !important;}&#8221;][vc_column][gva_block_heading title=&#8221;3K Teflon Kaplama&#8221; style=&#8221;style-2&#8243; align=&#8221;align-left&#8221;][vc_column_text] Hakk\u0131m\u0131zda 3K Teflon Kaplama; yanmaz, yap\u0131\u015fmaz, anti korozif ve kuru ya\u011flama \u00f6zelli\u011fine sahip kaplamalar konusundaki 10 y\u0131l\u0131 a\u015fk\u0131n tecr\u00fcbesiyle \u015firketle\u015fme yoluna gitmi\u015f, 2017 y\u0131l\u0131nda 3K Teflon Kaplama ad\u0131yla faaliyetlerine ba\u015flam\u0131\u015ft\u0131r. \u015eirketimiz P.F.A. , F.E.P. , P.T.F.E. ve E.C.T.F.E. kaplamalar konusunda faaliyet vermektedir. \u0130stanbul, Sancaktepe [&hellip;]<\/p>\n","protected":false},"author":1,"featured_media":0,"parent":0,"menu_order":0,"comment_status":"closed","ping_status":"closed","template":"","meta":{"footnotes":""},"_links":{"self":[{"href":"https:\/\/3kteflonkaplama.com\/index.php?rest_route=\/wp\/v2\/pages\/612"}],"collection":[{"href":"https:\/\/3kteflonkaplama.com\/index.php?rest_route=\/wp\/v2\/pages"}],"about":[{"href":"https:\/\/3kteflonkaplama.com\/index.php?rest_route=\/wp\/v2\/types\/page"}],"author":[{"embeddable":true,"href":"https:\/\/3kteflonkaplama.com\/index.php?rest_route=\/wp\/v2\/users\/1"}],"replies":[{"embeddable":true,"href":"https:\/\/3kteflonkaplama.com\/index.php?rest_route=%2Fwp%2Fv2%2Fcomments&post=612"}],"version-history":[{"count":4,"href":"https:\/\/3kteflonkaplama.com\/index.php?rest_route=\/wp\/v2\/pages\/612\/revisions"}],"predecessor-version":[{"id":3798,"href":"https:\/\/3kteflonkaplama.com\/index.php?rest_route=\/wp\/v2\/pages\/612\/revisions\/3798"}],"wp:attachment":[{"href":"https:\/\/3kteflonkaplama.com\/index.php?rest_route=%2Fwp%2Fv2%2Fmedia&parent=612"}],"curies":[{"name":"wp","href":"https:\/\/api.w.org\/{rel}","templated":true}]}}